{"id":204,"date":"2026-01-24T09:43:28","date_gmt":"2026-01-24T09:43:28","guid":{"rendered":"https:\/\/vwg-memmelsdorf.de\/?page_id=204"},"modified":"2026-03-09T10:20:28","modified_gmt":"2026-03-09T10:20:28","slug":"kommunalwahl-2026","status":"publish","type":"page","link":"https:\/\/vwg-memmelsdorf.de\/?page_id=204","title":{"rendered":""},"content":{"rendered":"\n<p class=\"has-text-align-center has-x-large-font-size\"><strong>Ergebnis Kommunal 2026<\/strong><\/p>\n\n\n\n<p class=\"has-text-align-center has-large-font-size\"><strong>3 Sitze und zweitst\u00e4rkste Fraktion<\/strong><\/p>\n\n\n\n<p class=\"has-text-align-center has-large-font-size\"><strong>Herzlichen Dank allen Unterst\u00fctzern<\/strong><\/p>\n\n\n\n<p><\/p>\n\n\n\n<h2 class=\"wp-block-heading has-text-align-center\">Unsere Kandidatinnen und Kandidaten f\u00fcr den Gemeinderat<\/h2>\n\n\n\n<div class=\"wp-block-columns alignwide are-vertically-aligned-top is-layout-flex wp-container-core-columns-is-layout-08c01c1c wp-block-columns-is-layout-flex\">\n<div class=\"wp-block-column is-vertically-aligned-top is-layout-flow wp-block-column-is-layout-flow\">\n<div class=\"wp-block-group wp-container-content-231d8afb is-vertical is-content-justification-left is-nowrap is-layout-flex wp-container-core-group-is-layout-d439c89b wp-block-group-is-layout-flex\" style=\"margin-top:0;margin-bottom:0\">\n<figure class=\"wp-block-image size-full wp-container-content-0733e5d0\"><img loading=\"lazy\" decoding=\"async\" width=\"154\" height=\"204\" src=\"https:\/\/vwg-memmelsdorf.de\/wp-content\/uploads\/2026\/01\/Alfons.png\" alt=\"\" class=\"wp-image-168\"\/><\/figure>\n\n\n\n<div class=\"wp-block-group is-vertical is-nowrap is-layout-flex wp-container-core-group-is-layout-5280e479 wp-block-group-is-layout-flex\">\n<p class=\"has-medium-font-size\"><strong>Alfons Distler<\/strong><\/p>\n\n\n\n<p class=\"has-small-font-size\">68 Jahre<\/p>\n\n\n\n<p>Gesch\u00e4ftsf\u00fchrer i. R.<\/p>\n\n\n\n<p>Gemeinderat<\/p>\n\n\n\n<p>Merkendorf<\/p>\n<\/div>\n<\/div>\n<\/div>\n\n\n\n<div class=\"wp-block-column is-layout-flow wp-block-column-is-layout-flow\">\n<div class=\"wp-block-group wp-container-content-231d8afb is-vertical is-layout-flex wp-container-core-group-is-layout-05b43539 wp-block-group-is-layout-flex\" style=\"margin-top:0;margin-bottom:0\">\n<figure class=\"wp-block-image size-full\" style=\"font-size:14px\"><img loading=\"lazy\" decoding=\"async\" width=\"154\" height=\"204\" src=\"https:\/\/vwg-memmelsdorf.de\/wp-content\/uploads\/2026\/01\/Martin-fertig.png\" alt=\"\" class=\"wp-image-181\"\/><\/figure>\n\n\n\n<div class=\"wp-block-group is-vertical is-nowrap is-layout-flex wp-container-core-group-is-layout-5280e479 wp-block-group-is-layout-flex\">\n<p class=\"has-medium-font-size\"><strong>Martin Mattausch<\/strong><\/p>\n\n\n\n<p class=\"has-small-font-size\">72 Jahre<\/p>\n\n\n\n<p>Oberstudiendirektor a. D.<\/p>\n\n\n\n<p>Gemeinderat<\/p>\n\n\n\n<p>Heimatpfleger<\/p>\n\n\n\n<p>Vorsitzender VdK<\/p>\n\n\n\n<p>Drosendorf <\/p>\n\n\n\n<p><\/p>\n<\/div>\n<\/div>\n<\/div>\n\n\n\n<div class=\"wp-block-column is-vertically-aligned-top is-layout-flow wp-block-column-is-layout-flow\">\n<div class=\"wp-block-group wp-container-content-231d8afb is-vertical is-layout-flex wp-container-core-group-is-layout-05b43539 wp-block-group-is-layout-flex\" style=\"margin-top:0;margin-bottom:0\">\n<figure class=\"wp-block-image size-full\" style=\"font-size:14px\"><img loading=\"lazy\" decoding=\"async\" width=\"154\" height=\"205\" src=\"https:\/\/vwg-memmelsdorf.de\/wp-content\/uploads\/2026\/01\/Kathrin-neu-e1769248391378.png\" alt=\"\" class=\"wp-image-180\"\/><\/figure>\n\n\n\n<div class=\"wp-block-group is-vertical is-nowrap is-layout-flex wp-container-core-group-is-layout-5280e479 wp-block-group-is-layout-flex\">\n<p class=\"has-medium-font-size\"><strong>Kathrin Pfister<\/strong><\/p>\n\n\n\n<p class=\"has-small-font-size\">47 Jahre<\/p>\n\n\n\n<p>Purser<\/p>\n\n\n\n<p>Stadtf\u00fchrerin<\/p>\n\n\n\n<p>Laubend<\/p>\n<\/div>\n\n\n\n<p><\/p>\n<\/div>\n<\/div>\n<\/div>\n\n\n\n<div class=\"wp-block-columns alignwide are-vertically-aligned-top is-layout-flex wp-container-core-columns-is-layout-08c01c1c wp-block-columns-is-layout-flex\">\n<div class=\"wp-block-column is-vertically-aligned-top is-layout-flow wp-block-column-is-layout-flow\">\n<div class=\"wp-block-group wp-container-content-231d8afb is-vertical is-content-justification-left is-nowrap is-layout-flex wp-container-core-group-is-layout-d439c89b wp-block-group-is-layout-flex\" style=\"margin-top:0;margin-bottom:0\">\n<figure class=\"wp-block-image size-full wp-container-content-0733e5d0\"><img loading=\"lazy\" decoding=\"async\" width=\"154\" height=\"204\" src=\"https:\/\/vwg-memmelsdorf.de\/wp-content\/uploads\/2026\/01\/Roland-fertig.png\" alt=\"\" class=\"wp-image-186\"\/><\/figure>\n\n\n\n<div class=\"wp-block-group is-vertical is-nowrap is-layout-flex wp-container-core-group-is-layout-5280e479 wp-block-group-is-layout-flex\">\n<p class=\"has-medium-font-size\"><strong>Roland Pickel<\/strong><\/p>\n\n\n\n<p class=\"has-small-font-size\">64 Jahre<\/p>\n\n\n\n<p>Verwaltungsangestellter i. K.<\/p>\n\n\n\n<p>Schiedsrichter<\/p>\n<\/div>\n<\/div>\n<\/div>\n\n\n\n<div class=\"wp-block-column is-layout-flow wp-block-column-is-layout-flow\">\n<div class=\"wp-block-group wp-container-content-231d8afb is-vertical is-layout-flex wp-container-core-group-is-layout-05b43539 wp-block-group-is-layout-flex\" style=\"margin-top:0;margin-bottom:0\">\n<figure class=\"wp-block-image size-full\" style=\"font-size:14px\"><img loading=\"lazy\" decoding=\"async\" width=\"154\" height=\"204\" src=\"https:\/\/vwg-memmelsdorf.de\/wp-content\/uploads\/2026\/01\/paul-fertig.png\" alt=\"\" class=\"wp-image-184\"\/><\/figure>\n\n\n\n<div class=\"wp-block-group is-vertical is-nowrap is-layout-flex wp-container-core-group-is-layout-5280e479 wp-block-group-is-layout-flex\">\n<p class=\"has-medium-font-size\"><strong>Paul Einwich<\/strong><\/p>\n\n\n\n<p class=\"has-small-font-size\">33 Jahre<\/p>\n\n\n\n<p>Landwirt<\/p>\n\n\n\n<p>Bachelor of Sience<\/p>\n\n\n\n<p>Vorstand FFW Kremmeldorf<\/p>\n\n\n\n<p>Kremmeldorf<\/p>\n\n\n\n<p><\/p>\n<\/div>\n<\/div>\n<\/div>\n\n\n\n<div class=\"wp-block-column is-vertically-aligned-top is-layout-flow wp-block-column-is-layout-flow\">\n<div class=\"wp-block-group wp-container-content-231d8afb is-vertical is-layout-flex wp-container-core-group-is-layout-05b43539 wp-block-group-is-layout-flex\" style=\"margin-top:0;margin-bottom:0\">\n<figure class=\"wp-block-image size-full\" style=\"font-size:14px\"><img loading=\"lazy\" decoding=\"async\" width=\"154\" height=\"204\" src=\"https:\/\/vwg-memmelsdorf.de\/wp-content\/uploads\/2026\/01\/Norbret-fertig.png\" alt=\"\" class=\"wp-image-183\"\/><\/figure>\n\n\n\n<div class=\"wp-block-group is-vertical is-nowrap is-layout-flex wp-container-core-group-is-layout-5280e479 wp-block-group-is-layout-flex\">\n<p class=\"has-medium-font-size\"><strong>Norbert Steiner<\/strong><\/p>\n\n\n\n<p class=\"has-small-font-size\">49 Jahre<\/p>\n\n\n\n<p>Kundendiensttechniker<\/p>\n\n\n\n<p>Merkendorf<\/p>\n<\/div>\n<\/div>\n<\/div>\n<\/div>\n\n\n\n<div class=\"wp-block-columns alignwide are-vertically-aligned-top is-layout-flex wp-container-core-columns-is-layout-08c01c1c wp-block-columns-is-layout-flex\">\n<div class=\"wp-block-column is-vertically-aligned-top is-layout-flow wp-block-column-is-layout-flow\">\n<div class=\"wp-block-group wp-container-content-231d8afb is-vertical is-content-justification-left is-nowrap is-layout-flex wp-container-core-group-is-layout-d439c89b wp-block-group-is-layout-flex\" style=\"margin-top:0;margin-bottom:0\">\n<figure class=\"wp-block-image size-full wp-container-content-0733e5d0\"><img loading=\"lazy\" decoding=\"async\" width=\"154\" height=\"210\" src=\"https:\/\/vwg-memmelsdorf.de\/wp-content\/uploads\/2026\/01\/Christina-Larin-e1769248461652.png\" alt=\"\" class=\"wp-image-171\"\/><\/figure>\n\n\n\n<div class=\"wp-block-group is-vertical is-nowrap is-layout-flex wp-container-core-group-is-layout-5280e479 wp-block-group-is-layout-flex\">\n<p class=\"has-medium-font-size\"><strong>Christina Larin<\/strong><\/p>\n\n\n\n<p class=\"has-small-font-size\">23 Jahre<\/p>\n\n\n\n<p>Dipl.-Verww. (FH)<\/p>\n\n\n\n<p>Verwaltungsinspektorin<\/p>\n\n\n\n<p>Feuerwehrfrau<\/p>\n\n\n\n<p>Memmelsdorf<\/p>\n<\/div>\n<\/div>\n<\/div>\n\n\n\n<div class=\"wp-block-column is-layout-flow wp-block-column-is-layout-flow\">\n<div class=\"wp-block-group wp-container-content-231d8afb is-vertical is-layout-flex wp-container-core-group-is-layout-05b43539 wp-block-group-is-layout-flex\" style=\"margin-top:0;margin-bottom:0\">\n<figure class=\"wp-block-image size-full\" style=\"font-size:14px\"><img loading=\"lazy\" decoding=\"async\" width=\"154\" height=\"204\" src=\"https:\/\/vwg-memmelsdorf.de\/wp-content\/uploads\/2026\/01\/Heinz.png\" alt=\"\" class=\"wp-image-174\"\/><\/figure>\n\n\n\n<div class=\"wp-block-group is-vertical is-nowrap is-layout-flex wp-container-core-group-is-layout-5280e479 wp-block-group-is-layout-flex\">\n<p class=\"has-medium-font-size\"><strong>Heinz B\u00fcttel<\/strong><\/p>\n\n\n\n<p class=\"has-small-font-size\">63 Jahre<\/p>\n\n\n\n<p>Maschinenbautechniker<\/p>\n\n\n\n<p>Gemeinderat<\/p>\n\n\n\n<p>Kirchenpfleger<\/p>\n\n\n\n<p>Merkendorf<\/p>\n\n\n\n<p><\/p>\n<\/div>\n<\/div>\n<\/div>\n\n\n\n<div class=\"wp-block-column is-vertically-aligned-top is-layout-flow wp-block-column-is-layout-flow\">\n<div class=\"wp-block-group wp-container-content-231d8afb is-vertical is-layout-flex wp-container-core-group-is-layout-05b43539 wp-block-group-is-layout-flex\" style=\"margin-top:0;margin-bottom:0\">\n<figure class=\"wp-block-image size-full\" style=\"font-size:14px\"><img loading=\"lazy\" decoding=\"async\" width=\"154\" height=\"207\" src=\"https:\/\/vwg-memmelsdorf.de\/wp-content\/uploads\/2026\/01\/Geraldneu-e1769252366359.png\" alt=\"\" class=\"wp-image-172\"\/><\/figure>\n\n\n\n<div class=\"wp-block-group is-vertical is-nowrap is-layout-flex wp-container-core-group-is-layout-5280e479 wp-block-group-is-layout-flex\">\n<p class=\"has-medium-font-size\"><strong>Gerald Riedel<\/strong><\/p>\n\n\n\n<p class=\"has-small-font-size\">58 Jahre<\/p>\n\n\n\n<p>Dipl.-Ing (FH)<\/p>\n\n\n\n<p>Vermessungsingenieur<\/p>\n\n\n\n<p>Ausbildungsleiter<\/p>\n\n\n\n<p>Drosendorf<\/p>\n<\/div>\n<\/div>\n<\/div>\n<\/div>\n\n\n\n<div class=\"wp-block-columns alignwide are-vertically-aligned-top is-layout-flex wp-container-core-columns-is-layout-08c01c1c wp-block-columns-is-layout-flex\">\n<div class=\"wp-block-column is-vertically-aligned-top is-layout-flow wp-block-column-is-layout-flow\">\n<div class=\"wp-block-group wp-container-content-231d8afb is-vertical is-content-justification-left is-nowrap is-layout-flex wp-container-core-group-is-layout-d439c89b wp-block-group-is-layout-flex\" style=\"margin-top:0;margin-bottom:0\">\n<figure class=\"wp-block-image size-full wp-container-content-0733e5d0\"><img loading=\"lazy\" decoding=\"async\" width=\"154\" height=\"204\" src=\"https:\/\/vwg-memmelsdorf.de\/wp-content\/uploads\/2026\/01\/gudrun.png\" alt=\"\" class=\"wp-image-173\"\/><\/figure>\n\n\n\n<div class=\"wp-block-group is-vertical is-nowrap is-layout-flex wp-container-core-group-is-layout-5280e479 wp-block-group-is-layout-flex\">\n<p class=\"has-medium-font-size\"><strong>Gudrun Einwich<\/strong><\/p>\n\n\n\n<p class=\"has-small-font-size\">56 Jahre<\/p>\n\n\n\n<p>Dipl.-Ing. (FH) Innenarch.<\/p>\n\n\n\n<p>Geb\u00e4udeenergieberaterin<\/p>\n\n\n\n<p>Vorstand Kappellenverein<\/p>\n\n\n\n<p>Kremmeldorf<\/p>\n<\/div>\n<\/div>\n<\/div>\n\n\n\n<div class=\"wp-block-column is-layout-flow wp-block-column-is-layout-flow\">\n<div class=\"wp-block-group wp-container-content-231d8afb is-vertical is-layout-flex wp-container-core-group-is-layout-05b43539 wp-block-group-is-layout-flex\" style=\"margin-top:0;margin-bottom:0\">\n<figure class=\"wp-block-image size-full\" style=\"font-size:14px\"><img loading=\"lazy\" decoding=\"async\" width=\"154\" height=\"204\" src=\"https:\/\/vwg-memmelsdorf.de\/wp-content\/uploads\/2026\/01\/Annette.png\" alt=\"\" class=\"wp-image-169\"\/><\/figure>\n\n\n\n<div class=\"wp-block-group is-vertical is-nowrap is-layout-flex wp-container-core-group-is-layout-5280e479 wp-block-group-is-layout-flex\">\n<p class=\"has-medium-font-size\"><strong>Annette Du\u00dfold<\/strong><\/p>\n\n\n\n<p class=\"has-small-font-size\">51 Jahre<\/p>\n\n\n\n<p>Gesundheitsberaterin<\/p>\n\n\n\n<p>Vorstand FFW Schmerldorf<\/p>\n\n\n\n<p>Ortsb\u00e4uerin<\/p>\n\n\n\n<p>Schmerldorf<\/p>\n\n\n\n<p><\/p>\n<\/div>\n<\/div>\n<\/div>\n\n\n\n<div class=\"wp-block-column is-vertically-aligned-top is-layout-flow wp-block-column-is-layout-flow\">\n<div class=\"wp-block-group wp-container-content-231d8afb is-vertical is-layout-flex wp-container-core-group-is-layout-05b43539 wp-block-group-is-layout-flex\" style=\"margin-top:0;margin-bottom:0\">\n<figure class=\"wp-block-image size-full\" style=\"font-size:14px\"><img loading=\"lazy\" decoding=\"async\" width=\"154\" height=\"203\" src=\"https:\/\/vwg-memmelsdorf.de\/wp-content\/uploads\/2026\/01\/Unbenannt-2-e1769248496251.png\" alt=\"\" class=\"wp-image-187\"\/><\/figure>\n\n\n\n<div class=\"wp-block-group is-vertical is-nowrap is-layout-flex wp-container-core-group-is-layout-5280e479 wp-block-group-is-layout-flex\">\n<p class=\"has-medium-font-size\"><strong>Bernhard M\u00fcller<\/strong><\/p>\n\n\n\n<p class=\"has-small-font-size\">48 Jahre<\/p>\n\n\n\n<p>Metallbauer<\/p>\n\n\n\n<p>Ortsobmann BBV Meedensdorf<\/p>\n\n\n\n<p>Meedensdorf<\/p>\n<\/div>\n<\/div>\n<\/div>\n<\/div>\n\n\n\n<div class=\"wp-block-columns alignwide are-vertically-aligned-top is-layout-flex wp-container-core-columns-is-layout-08c01c1c wp-block-columns-is-layout-flex\">\n<div class=\"wp-block-column is-vertically-aligned-top is-layout-flow wp-block-column-is-layout-flow\">\n<div class=\"wp-block-group wp-container-content-231d8afb is-vertical is-content-justification-left is-nowrap is-layout-flex wp-container-core-group-is-layout-d439c89b wp-block-group-is-layout-flex\" style=\"margin-top:0;margin-bottom:0\">\n<figure class=\"wp-block-image size-full wp-container-content-0733e5d0\"><img loading=\"lazy\" decoding=\"async\" width=\"154\" height=\"204\" src=\"https:\/\/vwg-memmelsdorf.de\/wp-content\/uploads\/2026\/01\/Helga-Larin-e1769248432224.png\" alt=\"\" class=\"wp-image-175\"\/><\/figure>\n\n\n\n<div class=\"wp-block-group is-vertical is-nowrap is-layout-flex wp-container-core-group-is-layout-5280e479 wp-block-group-is-layout-flex\">\n<p class=\"has-medium-font-size\"><strong>Helga Larin<\/strong><\/p>\n\n\n\n<p class=\"has-small-font-size\">48 Jahre<\/p>\n\n\n\n<p>Personaldisponentin<\/p>\n\n\n\n<p>Memmelsdorf<\/p>\n<\/div>\n<\/div>\n<\/div>\n\n\n\n<div class=\"wp-block-column is-layout-flow wp-block-column-is-layout-flow\">\n<div class=\"wp-block-group wp-container-content-231d8afb is-vertical is-layout-flex wp-container-core-group-is-layout-05b43539 wp-block-group-is-layout-flex\" style=\"margin-top:0;margin-bottom:0\">\n<figure class=\"wp-block-image size-full\" style=\"font-size:14px\"><img loading=\"lazy\" decoding=\"async\" width=\"154\" height=\"204\" src=\"https:\/\/vwg-memmelsdorf.de\/wp-content\/uploads\/2026\/01\/Rainer-fertig.png\" alt=\"\" class=\"wp-image-185\"\/><\/figure>\n\n\n\n<div class=\"wp-block-group is-vertical is-nowrap is-layout-flex wp-container-core-group-is-layout-5280e479 wp-block-group-is-layout-flex\">\n<p class=\"has-medium-font-size\"><strong>Rainer Voll<\/strong><\/p>\n\n\n\n<p class=\"has-small-font-size\">50 Jahre<\/p>\n\n\n\n<p>Dipl.- Ing. (FH) Versorgunstechnik<\/p>\n\n\n\n<p>Mitglied der Kirchenverwaltung<\/p>\n\n\n\n<p>Merkendorf<\/p>\n\n\n\n<p><\/p>\n<\/div>\n<\/div>\n<\/div>\n\n\n\n<div class=\"wp-block-column is-vertically-aligned-top is-layout-flow wp-block-column-is-layout-flow\">\n<div class=\"wp-block-group wp-container-content-231d8afb is-vertical is-layout-flex wp-container-core-group-is-layout-05b43539 wp-block-group-is-layout-flex\" style=\"margin-top:0;margin-bottom:0\">\n<figure class=\"wp-block-image size-full\" style=\"font-size:14px\"><img loading=\"lazy\" decoding=\"async\" width=\"154\" height=\"204\" src=\"https:\/\/vwg-memmelsdorf.de\/wp-content\/uploads\/2026\/01\/Johannes-fertig.png\" alt=\"\" class=\"wp-image-177\"\/><\/figure>\n\n\n\n<div class=\"wp-block-group is-vertical is-nowrap is-layout-flex wp-container-core-group-is-layout-5280e479 wp-block-group-is-layout-flex\">\n<p class=\"has-medium-font-size\"><strong>Johannes Schobert<\/strong><\/p>\n\n\n\n<p class=\"has-small-font-size\">34 Jahre<\/p>\n\n\n\n<p>Lernbegleiter<\/p>\n\n\n\n<p>Merkendorf<\/p>\n<\/div>\n<\/div>\n<\/div>\n<\/div>\n\n\n\n<div class=\"wp-block-columns alignwide are-vertically-aligned-top is-layout-flex wp-container-core-columns-is-layout-08c01c1c wp-block-columns-is-layout-flex\">\n<div class=\"wp-block-column is-vertically-aligned-top is-layout-flow wp-block-column-is-layout-flow\">\n<div class=\"wp-block-group wp-container-content-231d8afb is-vertical is-content-justification-left is-nowrap is-layout-flex wp-container-core-group-is-layout-d439c89b wp-block-group-is-layout-flex\" style=\"margin-top:0;margin-bottom:0\">\n<figure class=\"wp-block-image size-full wp-container-content-0733e5d0\"><img loading=\"lazy\" decoding=\"async\" width=\"154\" height=\"204\" src=\"https:\/\/vwg-memmelsdorf.de\/wp-content\/uploads\/2026\/01\/Carina.png\" alt=\"\" class=\"wp-image-170\"\/><\/figure>\n\n\n\n<div class=\"wp-block-group is-vertical is-nowrap is-layout-flex wp-container-core-group-is-layout-5280e479 wp-block-group-is-layout-flex\">\n<p class=\"has-medium-font-size\"><strong>Carina Distler<\/strong><\/p>\n\n\n\n<p class=\"has-small-font-size\">37 Jahre<\/p>\n\n\n\n<p>Richterin am Landgericht<\/p>\n\n\n\n<p>Merkendorf<\/p>\n<\/div>\n<\/div>\n<\/div>\n\n\n\n<div class=\"wp-block-column is-layout-flow wp-block-column-is-layout-flow\">\n<div class=\"wp-block-group wp-container-content-231d8afb is-vertical is-layout-flex wp-container-core-group-is-layout-05b43539 wp-block-group-is-layout-flex\" style=\"margin-top:0;margin-bottom:0\">\n<figure class=\"wp-block-image size-full\" style=\"font-size:14px\"><img loading=\"lazy\" decoding=\"async\" width=\"154\" height=\"204\" src=\"https:\/\/vwg-memmelsdorf.de\/wp-content\/uploads\/2026\/01\/Judith.png\" alt=\"\" class=\"wp-image-179\"\/><\/figure>\n\n\n\n<div class=\"wp-block-group is-vertical is-nowrap is-layout-flex wp-container-core-group-is-layout-5280e479 wp-block-group-is-layout-flex\">\n<p class=\"has-medium-font-size\"><strong>Judith Vogt<\/strong><\/p>\n\n\n\n<p class=\"has-small-font-size\">33 Jahre<\/p>\n\n\n\n<p>Industriemeisterin<\/p>\n\n\n\n<p>Betriebsr\u00e4tin<\/p>\n\n\n\n<p>Merkendorf<\/p>\n\n\n\n<p><\/p>\n<\/div>\n<\/div>\n<\/div>\n\n\n\n<div class=\"wp-block-column is-vertically-aligned-top is-layout-flow wp-block-column-is-layout-flow\">\n<div class=\"wp-block-group wp-container-content-231d8afb is-vertical is-layout-flex wp-container-core-group-is-layout-05b43539 wp-block-group-is-layout-flex\" style=\"margin-top:0;margin-bottom:0\">\n<figure class=\"wp-block-image size-full\" style=\"font-size:14px\"><img loading=\"lazy\" decoding=\"async\" width=\"154\" height=\"203\" src=\"https:\/\/vwg-memmelsdorf.de\/wp-content\/uploads\/2026\/01\/Horst-e1769248416731.png\" alt=\"\" class=\"wp-image-176\"\/><\/figure>\n\n\n\n<div class=\"wp-block-group is-vertical is-nowrap is-layout-flex wp-container-core-group-is-layout-5280e479 wp-block-group-is-layout-flex\">\n<p class=\"has-medium-font-size\"><strong>Horst Tuttor<\/strong><\/p>\n\n\n\n<p class=\"has-small-font-size\">64 Jahre<\/p>\n\n\n\n<p>Rentner<\/p>\n\n\n\n<p>Merkendorf<\/p>\n<\/div>\n<\/div>\n<\/div>\n<\/div>\n\n\n\n<div class=\"wp-block-columns alignwide are-vertically-aligned-top is-layout-flex wp-container-core-columns-is-layout-08c01c1c wp-block-columns-is-layout-flex\">\n<div class=\"wp-block-column is-vertically-aligned-top is-layout-flow wp-block-column-is-layout-flow\">\n<div class=\"wp-block-group wp-container-content-231d8afb is-vertical is-layout-flex wp-container-core-group-is-layout-05b43539 wp-block-group-is-layout-flex\" style=\"margin-top:0;margin-bottom:0\">\n<figure class=\"wp-block-image size-full wp-container-content-0733e5d0\"><a href=\"https:\/\/vwg-memmelsdorf.de\/wp-content\/uploads\/2026\/01\/jOSEF.png\"><img loading=\"lazy\" decoding=\"async\" width=\"154\" height=\"204\" src=\"https:\/\/vwg-memmelsdorf.de\/wp-content\/uploads\/2026\/01\/jOSEF.png\" alt=\"\" class=\"wp-image-178\"\/><\/a><\/figure>\n\n\n\n<div class=\"wp-block-group is-vertical is-nowrap is-layout-flex wp-container-core-group-is-layout-5280e479 wp-block-group-is-layout-flex\">\n<p class=\"has-medium-font-size\"><strong>Josef Friedmann<\/strong><\/p>\n\n\n\n<p class=\"has-small-font-size\">71 Jahre<\/p>\n\n\n\n<p>Rentner<\/p>\n\n\n\n<p>Laubend<\/p>\n<\/div>\n<\/div>\n<\/div>\n\n\n\n<div class=\"wp-block-column is-layout-flow wp-block-column-is-layout-flow\">\n<div class=\"wp-block-group wp-container-content-231d8afb is-vertical is-layout-flex wp-container-core-group-is-layout-05b43539 wp-block-group-is-layout-flex\" style=\"margin-top:0;margin-bottom:0\">\n<figure class=\"wp-block-image size-full\" style=\"font-size:14px\"><img loading=\"lazy\" decoding=\"async\" width=\"154\" height=\"204\" src=\"https:\/\/vwg-memmelsdorf.de\/wp-content\/uploads\/2026\/01\/Michael-zahn-fertig.png\" alt=\"\" class=\"wp-image-182\"\/><\/figure>\n\n\n\n<div class=\"wp-block-group is-vertical is-nowrap is-layout-flex wp-container-core-group-is-layout-5280e479 wp-block-group-is-layout-flex\">\n<p class=\"has-medium-font-size\"><strong>Michael Zahn<\/strong><\/p>\n\n\n\n<p class=\"has-small-font-size\">54 Jahre<\/p>\n\n\n\n<p>Lokf\u00fchrer<\/p>\n\n\n\n<p>Merkendorf<\/p>\n\n\n\n<p><\/p>\n<\/div>\n<\/div>\n<\/div>\n<\/div>\n\n\n\n<h2 class=\"wp-block-heading has-text-align-center\" style=\"font-size:clamp(20px, 1.25rem + ((1vw - 3.2px) * 1.25), 32px);\">Wir sind engagierte B\u00fcrgerinnen und B\u00fcrger mit verschiedensten Qualifikationen, in allen Altersgruppen und aus fast allen Ortschaften<\/h2>\n\n\n\n<p><\/p>\n","protected":false},"excerpt":{"rendered":"<p>Ergebnis Kommunal 2026 3 Sitze und zweitst\u00e4rkste Fraktion Herzlichen Dank allen Unterst\u00fctzern Unsere Kandidatinnen und Kandidaten f\u00fcr den Gemeinderat Alfons Distler 68 Jahre Gesch\u00e4ftsf\u00fchrer i. R. Gemeinderat Merkendorf Martin Mattausch 72 Jahre Oberstudiendirektor a. D. Gemeinderat Heimatpfleger Vorsitzender VdK Drosendorf Kathrin Pfister 47 Jahre Purser Stadtf\u00fchrerin Laubend Roland Pickel 64 Jahre Verwaltungsangestellter i. K. Schiedsrichter [&hellip;]<\/p>\n","protected":false},"author":1,"featured_media":0,"parent":0,"menu_order":0,"comment_status":"closed","ping_status":"closed","template":"page-with-title","meta":{"footnotes":""},"class_list":["post-204","page","type-page","status-publish","hentry"],"aioseo_notices":[],"_links":{"self":[{"href":"https:\/\/vwg-memmelsdorf.de\/index.php?rest_route=\/wp\/v2\/pages\/204","targetHints":{"allow":["GET"]}}],"collection":[{"href":"https:\/\/vwg-memmelsdorf.de\/index.php?rest_route=\/wp\/v2\/pages"}],"about":[{"href":"https:\/\/vwg-memmelsdorf.de\/index.php?rest_route=\/wp\/v2\/types\/page"}],"author":[{"embeddable":true,"href":"https:\/\/vwg-memmelsdorf.de\/index.php?rest_route=\/wp\/v2\/users\/1"}],"replies":[{"embeddable":true,"href":"https:\/\/vwg-memmelsdorf.de\/index.php?rest_route=%2Fwp%2Fv2%2Fcomments&post=204"}],"version-history":[{"count":16,"href":"https:\/\/vwg-memmelsdorf.de\/index.php?rest_route=\/wp\/v2\/pages\/204\/revisions"}],"predecessor-version":[{"id":312,"href":"https:\/\/vwg-memmelsdorf.de\/index.php?rest_route=\/wp\/v2\/pages\/204\/revisions\/312"}],"wp:attachment":[{"href":"https:\/\/vwg-memmelsdorf.de\/index.php?rest_route=%2Fwp%2Fv2%2Fmedia&parent=204"}],"curies":[{"name":"wp","href":"https:\/\/api.w.org\/{rel}","templated":true}]}}