{"id":15,"date":"2024-11-29T11:59:38","date_gmt":"2024-11-29T11:59:38","guid":{"rendered":"https:\/\/vwg-memmelsdorf.de\/start\/"},"modified":"2026-03-09T10:26:15","modified_gmt":"2026-03-09T10:26:15","slug":"start","status":"publish","type":"page","link":"https:\/\/vwg-memmelsdorf.de\/","title":{"rendered":"Start"},"content":{"rendered":"\n<h2 class=\"wp-block-heading has-text-align-center\" style=\"font-size:clamp(2.021rem, 2.021rem + ((1vw - 0.2rem) * 2.632), 3.6rem);\"><strong>Herzlichen Dank allen Unterst\u00fctzern f\u00fcr das entgegen-gebrachte Vertrauen.<\/strong><\/h2>\n\n\n\n<p class=\"has-text-align-center has-xx-large-font-size\"><strong>3 Sitze <\/strong><\/p>\n\n\n\n<p class=\"has-text-align-center has-x-large-font-size\"><strong>und zweitst\u00e4rkste Fraktion<\/strong>!<\/p>\n\n\n\n<div class=\"wp-block-group alignfull has-global-padding is-content-justification-left is-layout-constrained wp-container-core-group-is-layout-d75c159d wp-block-group-is-layout-constrained\" style=\"margin-top:0;margin-bottom:0;padding-top:var(--wp--preset--spacing--40);padding-right:var(--wp--preset--spacing--30);padding-bottom:var(--wp--preset--spacing--60);padding-left:var(--wp--preset--spacing--30)\">\n<figure class=\"wp-block-image alignright size-full is-resized\" style=\"margin-top:0;margin-right:var(--wp--preset--spacing--20);margin-bottom:0;margin-left:var(--wp--preset--spacing--20)\"><img loading=\"lazy\" decoding=\"async\" width=\"674\" height=\"572\" src=\"https:\/\/vwg-memmelsdorf.de\/wp-content\/uploads\/2024\/12\/Karte-Memmelsdorf-1.png\" alt=\"\" class=\"wp-image-101\" style=\"width:400px\" srcset=\"https:\/\/vwg-memmelsdorf.de\/wp-content\/uploads\/2024\/12\/Karte-Memmelsdorf-1.png 674w, https:\/\/vwg-memmelsdorf.de\/wp-content\/uploads\/2024\/12\/Karte-Memmelsdorf-1-300x255.png 300w\" sizes=\"auto, (max-width: 674px) 100vw, 674px\" \/><\/figure>\n\n\n\n<div class=\"wp-block-group alignwide has-global-padding is-content-justification-left is-layout-constrained wp-container-core-group-is-layout-17af7ffb wp-block-group-is-layout-constrained\">\n<h1 class=\"wp-block-heading has-background-color has-text-color has-link-color wp-elements-872ded6974f99c4c88c8dfb8328f4104\">Engagement f\u00fcr Memmelsdorf: Zusammen Zukunft gestalten<\/h1>\n\n\n\n<p class=\"has-background-color has-text-color has-link-color wp-elements-ac42193a9b51de9e8141ccb83436f544\" style=\"margin-top:16px\">Herzlich willkommen bei der VWG Memmelsdorf! Gemeinsam setzen wir uns f\u00fcr eine starke Gemeinde und b\u00fcrgernahe Politik ein. Lassen Sie uns zusammen Memmelsdorf noch lebenswerter machen.<\/p>\n\n\n\n<div class=\"wp-block-buttons is-layout-flex wp-container-core-buttons-is-layout-12dcd427 wp-block-buttons-is-layout-flex\" style=\"margin-top:var(--wp--preset--spacing--40)\">\n<div class=\"wp-block-button\"><a class=\"wp-block-button__link has-background-background-color has-text-color has-background has-link-color wp-element-button\" href=\"https:\/\/vwg-memmelsdorf.de\/?page_id=12\" style=\"color:#fefefe\">Jetzt mitmachen<\/a><\/div>\n<\/div>\n<\/div>\n<\/div>\n\n\n\n<div class=\"wp-block-group alignfull has-background-color has-text-color has-background has-link-color wp-elements-3566bcc16cae724134fa6db9ff57b2d7 has-global-padding is-layout-constrained wp-container-core-group-is-layout-fb85e995 wp-block-group-is-layout-constrained\" id=\"ueber-uns\" style=\"background-color:#bae4ce;margin-top:0;margin-bottom:0;padding-top:var(--wp--preset--spacing--60);padding-right:var(--wp--preset--spacing--30);padding-bottom:var(--wp--preset--spacing--60);padding-left:var(--wp--preset--spacing--30)\">\n<h2 class=\"wp-block-heading has-text-align-left has-large-font-size\">Unser Engagement f\u00fcr Memmelsdorf und verantwortungsvolle B\u00fcrgerschaft.<\/h2>\n\n\n\n<p class=\"has-text-align-left\" style=\"margin-top:0px;margin-right:0;margin-bottom:0;margin-left:0px;font-size:clamp(1.092rem, 1.092rem + ((1vw - 0.2rem) * 1.013), 1.7rem);\"><strong>Wir treten ein f\u00fcr einen sorgsamen Umgang mit Natur und Umwelt. <\/strong><\/p>\n\n\n\n<p class=\"has-text-align-left\" style=\"margin-top:0px;font-size:clamp(1.092rem, 1.092rem + ((1vw - 0.2rem) * 1.013), 1.7rem);\"><strong>Wir wollen den Erhalt der Dorfgemeinschaften und unterst\u00fctzen die \u00f6rtlichen Vereine.<\/strong><\/p>\n\n\n\n<p class=\"has-text-align-left\" style=\"margin-top:0px;font-size:clamp(1.092rem, 1.092rem + ((1vw - 0.2rem) * 1.013), 1.7rem);\"><strong>Wir st\u00e4rken das Gemeinschaftsbewusstsein f\u00fcr ein gutes Miteinander <\/strong><\/p>\n\n\n\n<figure class=\"wp-block-gallery alignwide has-nested-images columns-3 is-cropped wp-block-gallery-1 is-layout-flex wp-block-gallery-is-layout-flex\" style=\"border-style:none;border-width:0px;border-radius:0px\">\n<figure class=\"wp-block-image size-full has-custom-border\" style=\"margin-top:var(--wp--preset--spacing--80);margin-right:0;margin-bottom:var(--wp--preset--spacing--80);margin-left:0\"><img loading=\"lazy\" decoding=\"async\" width=\"544\" height=\"408\" data-id=\"109\" src=\"https:\/\/vwg-memmelsdorf.de\/wp-content\/uploads\/2024\/12\/gettyimages-1371829822-612x612-Kopie-edited.jpg\" alt=\"\" class=\"wp-image-109\" style=\"border-style:none;border-width:0px;border-radius:0px;aspect-ratio:3\/4;object-fit:cover\" srcset=\"https:\/\/vwg-memmelsdorf.de\/wp-content\/uploads\/2024\/12\/gettyimages-1371829822-612x612-Kopie-edited.jpg 544w, https:\/\/vwg-memmelsdorf.de\/wp-content\/uploads\/2024\/12\/gettyimages-1371829822-612x612-Kopie-edited-300x225.jpg 300w\" sizes=\"auto, (max-width: 544px) 100vw, 544px\" \/><\/figure>\n\n\n\n<figure class=\"wp-block-image size-large\" style=\"margin-top:var(--wp--preset--spacing--80);margin-bottom:var(--wp--preset--spacing--80)\"><img loading=\"lazy\" decoding=\"async\" width=\"1024\" height=\"740\" data-id=\"165\" src=\"https:\/\/vwg-memmelsdorf.de\/wp-content\/uploads\/2026\/01\/Gruppe-1024x740.png\" alt=\"\" class=\"wp-image-165\" style=\"aspect-ratio:3\/4;object-fit:cover\" srcset=\"https:\/\/vwg-memmelsdorf.de\/wp-content\/uploads\/2026\/01\/Gruppe-1024x740.png 1024w, https:\/\/vwg-memmelsdorf.de\/wp-content\/uploads\/2026\/01\/Gruppe-300x217.png 300w, https:\/\/vwg-memmelsdorf.de\/wp-content\/uploads\/2026\/01\/Gruppe-768x555.png 768w, https:\/\/vwg-memmelsdorf.de\/wp-content\/uploads\/2026\/01\/Gruppe-1536x1110.png 1536w, https:\/\/vwg-memmelsdorf.de\/wp-content\/uploads\/2026\/01\/Gruppe-2048x1481.png 2048w\" sizes=\"auto, (max-width: 1024px) 100vw, 1024px\" \/><\/figure>\n\n\n\n<figure class=\"wp-block-image size-full\" style=\"margin-top:var(--wp--preset--spacing--80);margin-bottom:var(--wp--preset--spacing--80)\"><img decoding=\"async\" data-id=\"102\" src=\"https:\/\/vwg-memmelsdorf.de\/wp-content\/uploads\/2024\/12\/Memmelsdorf_Panorama_Luftaufnahme-20221113-RM-154352.png\" alt=\"\" class=\"wp-image-102\" style=\"aspect-ratio:3\/4;object-fit:cover\"\/><\/figure>\n<\/figure>\n<\/div>\n\n\n\n<div class=\"wp-block-group alignfull has-foreground-color has-text-color has-link-color wp-elements-a2213a67db315cf8ab6bff2f5eedef9e has-global-padding is-layout-constrained wp-container-core-group-is-layout-7276a2bb wp-block-group-is-layout-constrained\" style=\"margin-top:0;margin-bottom:0;padding-top:var(--wp--preset--spacing--60);padding-right:var(--wp--preset--spacing--30);padding-bottom:var(--wp--preset--spacing--60);padding-left:var(--wp--preset--spacing--30)\">\n<div class=\"wp-block-group alignwide is-content-justification-space-between is-layout-flex wp-container-core-group-is-layout-9366075c wp-block-group-is-layout-flex\">\n<div class=\"wp-block-group has-global-padding is-layout-constrained wp-block-group-is-layout-constrained\">\n<h2 class=\"wp-block-heading has-large-font-size\">Werden Sie Teil unserer engagierten Gemeinschaft f\u00fcr Memmelsdorf.<\/h2>\n\n\n\n<p style=\"margin-top:16px\">Interessiert an Kommunalpolitik? Schlie\u00dfen Sie sich uns an, um das Wohl unserer Gemeinde zu f\u00f6rdern. Lassen Sie uns gemeinsam positive Ver\u00e4nderungen in unserer Gemeinde bewirken und die Zukunft aktiv mitgestalten.<\/p>\n<\/div>\n\n\n\n<div class=\"wp-block-buttons has-background-background-color has-background is-horizontal is-content-justification-right is-layout-flex wp-container-core-buttons-is-layout-27c00227 wp-block-buttons-is-layout-flex\">\n<div class=\"wp-block-button is-style-fill\"><a class=\"wp-block-button__link has-background-background-color has-text-color has-background has-link-color wp-element-button\" href=\"https:\/\/vwg-memmelsdorf.de\/?page_id=12\" style=\"color:#f8f8f8\">Jetzt mitmachen<\/a><\/div>\n<\/div>\n<\/div>\n<\/div>\n\n\n\n<p><\/p>\n","protected":false},"excerpt":{"rendered":"<p>Herzlichen Dank allen Unterst\u00fctzern f\u00fcr das entgegen-gebrachte Vertrauen. 3 Sitze und zweitst\u00e4rkste Fraktion! Engagement f\u00fcr Memmelsdorf: Zusammen Zukunft gestalten Herzlich willkommen bei der VWG Memmelsdorf! Gemeinsam setzen wir uns f\u00fcr eine starke Gemeinde und b\u00fcrgernahe Politik ein. Lassen Sie uns zusammen Memmelsdorf noch lebenswerter machen. Unser Engagement f\u00fcr Memmelsdorf und verantwortungsvolle B\u00fcrgerschaft. Wir treten ein [&hellip;]<\/p>\n","protected":false},"author":1,"featured_media":0,"parent":0,"menu_order":1,"comment_status":"closed","ping_status":"closed","template":"","meta":{"footnotes":""},"class_list":["post-15","page","type-page","status-publish","hentry"],"aioseo_notices":[],"_links":{"self":[{"href":"https:\/\/vwg-memmelsdorf.de\/index.php?rest_route=\/wp\/v2\/pages\/15","targetHints":{"allow":["GET"]}}],"collection":[{"href":"https:\/\/vwg-memmelsdorf.de\/index.php?rest_route=\/wp\/v2\/pages"}],"about":[{"href":"https:\/\/vwg-memmelsdorf.de\/index.php?rest_route=\/wp\/v2\/types\/page"}],"author":[{"embeddable":true,"href":"https:\/\/vwg-memmelsdorf.de\/index.php?rest_route=\/wp\/v2\/users\/1"}],"replies":[{"embeddable":true,"href":"https:\/\/vwg-memmelsdorf.de\/index.php?rest_route=%2Fwp%2Fv2%2Fcomments&post=15"}],"version-history":[{"count":48,"href":"https:\/\/vwg-memmelsdorf.de\/index.php?rest_route=\/wp\/v2\/pages\/15\/revisions"}],"predecessor-version":[{"id":314,"href":"https:\/\/vwg-memmelsdorf.de\/index.php?rest_route=\/wp\/v2\/pages\/15\/revisions\/314"}],"wp:attachment":[{"href":"https:\/\/vwg-memmelsdorf.de\/index.php?rest_route=%2Fwp%2Fv2%2Fmedia&parent=15"}],"curies":[{"name":"wp","href":"https:\/\/api.w.org\/{rel}","templated":true}]}}